{"id":755,"date":"2026-03-12T08:35:26","date_gmt":"2026-03-12T07:35:26","guid":{"rendered":"https:\/\/rafagallardo.es\/?page_id=755"},"modified":"2026-03-12T09:41:40","modified_gmt":"2026-03-12T08:41:40","slug":"proyectos","status":"publish","type":"page","link":"https:\/\/rafagallardo.es\/index.php\/proyectos\/","title":{"rendered":"Proyectos"},"content":{"rendered":"\t\t<div data-elementor-type=\"wp-page\" data-elementor-id=\"755\" class=\"elementor elementor-755\" data-elementor-post-type=\"page\">\n\t\t\t\t<div class=\"elementor-element elementor-element-df4e037 e-flex e-con-boxed e-con e-parent\" data-id=\"df4e037\" data-element_type=\"container\" data-e-type=\"container\" data-settings=\"{&quot;background_background&quot;:&quot;classic&quot;}\">\n\t\t\t\t\t<div class=\"e-con-inner\">\n\t\t<div class=\"elementor-element elementor-element-7be2379 e-con-full e-flex e-con e-child\" data-id=\"7be2379\" data-element_type=\"container\" data-e-type=\"container\">\n\t\t\t\t<div class=\"elementor-element elementor-element-d00189e elementor-invisible elementor-widget elementor-widget-heading\" data-id=\"d00189e\" data-element_type=\"widget\" data-e-type=\"widget\" data-settings=\"{&quot;_animation&quot;:&quot;fadeIn&quot;}\" data-widget_type=\"heading.default\">\n\t\t\t\t<div class=\"elementor-widget-container\">\n\t\t\t\t\t<h2 class=\"elementor-heading-title elementor-size-default\">Conoce nuestros proyectos<\/h2>\t\t\t\t<\/div>\n\t\t\t\t<\/div>\n\t\t<div class=\"elementor-element elementor-element-ac66764 e-con-full e-flex elementor-invisible e-con e-child\" data-id=\"ac66764\" data-element_type=\"container\" data-e-type=\"container\" data-settings=\"{&quot;animation&quot;:&quot;fadeIn&quot;}\">\n\t\t\t\t<div class=\"elementor-element elementor-element-02ab0e7 elementor-mobile-align-justify elementor-widget-mobile__width-initial elementor-widget elementor-widget-button\" data-id=\"02ab0e7\" data-element_type=\"widget\" data-e-type=\"widget\" data-widget_type=\"button.default\">\n\t\t\t\t<div class=\"elementor-widget-container\">\n\t\t\t\t\t\t\t\t\t<div class=\"elementor-button-wrapper\">\n\t\t\t\t\t<a class=\"elementor-button elementor-button-link elementor-size-sm\" href=\"#\">\n\t\t\t\t\t\t<span class=\"elementor-button-content-wrapper\">\n\t\t\t\t\t\t\t\t\t<span class=\"elementor-button-text\">Contactar<\/span>\n\t\t\t\t\t<\/span>\n\t\t\t\t\t<\/a>\n\t\t\t\t<\/div>\n\t\t\t\t\t\t\t\t<\/div>\n\t\t\t\t<\/div>\n\t\t\t\t<div class=\"elementor-element elementor-element-dfe51d1 elementor-mobile-align-justify elementor-widget-mobile__width-initial elementor-widget elementor-widget-button\" data-id=\"dfe51d1\" data-element_type=\"widget\" data-e-type=\"widget\" data-widget_type=\"button.default\">\n\t\t\t\t<div class=\"elementor-widget-container\">\n\t\t\t\t\t\t\t\t\t<div class=\"elementor-button-wrapper\">\n\t\t\t\t\t<a class=\"elementor-button elementor-button-link elementor-size-sm\" href=\"#\">\n\t\t\t\t\t\t<span class=\"elementor-button-content-wrapper\">\n\t\t\t\t\t\t\t\t\t<span class=\"elementor-button-text\">Servicios<\/span>\n\t\t\t\t\t<\/span>\n\t\t\t\t\t<\/a>\n\t\t\t\t<\/div>\n\t\t\t\t\t\t\t\t<\/div>\n\t\t\t\t<\/div>\n\t\t\t\t<\/div>\n\t\t\t\t<\/div>\n\t\t\t\t\t<\/div>\n\t\t\t\t<\/div>\n\t\t<div class=\"elementor-element elementor-element-7724cbf e-flex e-con-boxed e-con e-parent\" data-id=\"7724cbf\" data-element_type=\"container\" data-e-type=\"container\">\n\t\t\t\t\t<div class=\"e-con-inner\">\n\t\t<div class=\"elementor-element elementor-element-8d6d816 e-con-full e-flex elementor-invisible e-con e-child\" data-id=\"8d6d816\" data-element_type=\"container\" data-e-type=\"container\" data-settings=\"{&quot;animation&quot;:&quot;fadeIn&quot;}\">\n\t\t<div class=\"elementor-element elementor-element-445508d e-con-full e-flex e-con e-child\" data-id=\"445508d\" data-element_type=\"container\" data-e-type=\"container\">\n\t\t\t\t<div class=\"elementor-element elementor-element-caca8d5 elementor-widget elementor-widget-text-editor\" data-id=\"caca8d5\" data-element_type=\"widget\" data-e-type=\"widget\" data-widget_type=\"text-editor.default\">\n\t\t\t\t<div class=\"elementor-widget-container\">\n\t\t\t\t\t\t\t\t\t<p>Te acompa\u00f1amos en cada fase del proceso inmobiliario, analizando el potencial de cada propiedad para maximizar su valor, su funcionalidad y su rentabilidad.<\/p>\t\t\t\t\t\t\t\t<\/div>\n\t\t\t\t<\/div>\n\t\t\t\t<\/div>\n\t\t\t\t<\/div>\n\t\t\t\t<div class=\"elementor-element elementor-element-9d4c309 elementor-grid-1 elementor-grid-tablet-2 elementor-grid-mobile-1 elementor-widget elementor-widget-loop-grid\" data-id=\"9d4c309\" data-element_type=\"widget\" data-e-type=\"widget\" data-settings=\"{&quot;template_id&quot;:793,&quot;columns&quot;:1,&quot;_skin&quot;:&quot;post&quot;,&quot;columns_tablet&quot;:&quot;2&quot;,&quot;columns_mobile&quot;:&quot;1&quot;,&quot;edit_handle_selector&quot;:&quot;[data-elementor-type=\\&quot;loop-item\\&quot;]&quot;,&quot;row_gap&quot;:{&quot;unit&quot;:&quot;px&quot;,&quot;size&quot;:&quot;&quot;,&quot;sizes&quot;:[]},&quot;row_gap_tablet&quot;:{&quot;unit&quot;:&quot;px&quot;,&quot;size&quot;:&quot;&quot;,&quot;sizes&quot;:[]},&quot;row_gap_mobile&quot;:{&quot;unit&quot;:&quot;px&quot;,&quot;size&quot;:&quot;&quot;,&quot;sizes&quot;:[]}}\" data-widget_type=\"loop-grid.post\">\n\t\t\t\t<div class=\"elementor-widget-container\">\n\t\t\t\t\t\t\t<div class=\"elementor-loop-container elementor-grid\" role=\"list\">\n\t\t<style id=\"loop-dynamic-793\">.e-loop-item-136 .elementor-element.elementor-element-9200602:not(.elementor-motion-effects-element-type-background), .e-loop-item-136 .elementor-element.elementor-element-9200602 > .elementor-motion-effects-container > .elementor-motion-effects-layer{background-image:url(\"https:\/\/rafagallardo.es\/wp-content\/uploads\/2024\/10\/group-of-multiracial-people-working-with-laptop-in-BGG285V.jpg\");}<\/style><style id=\"loop-793\">.elementor-793 .elementor-element.elementor-element-1ce428c{--display:flex;--min-height:250px;--flex-direction:row;--container-widget-width:initial;--container-widget-height:100%;--container-widget-flex-grow:1;--container-widget-align-self:stretch;--flex-wrap-mobile:wrap;--justify-content:space-between;--gap:0px 0px;--row-gap:0px;--column-gap:0px;--overlay-opacity:0.5;border-style:solid;--border-style:solid;border-width:1px 1px 1px 1px;--border-top-width:1px;--border-right-width:1px;--border-bottom-width:1px;--border-left-width:1px;border-color:var( --e-global-color-primary );--border-color:var( --e-global-color-primary );--border-radius:10px 10px 10px 10px;--margin-top:0px;--margin-bottom:0px;--margin-left:0px;--margin-right:0px;--padding-top:0px;--padding-bottom:0px;--padding-left:0px;--padding-right:0px;}.elementor-793 .elementor-element.elementor-element-1ce428c::before, .elementor-793 .elementor-element.elementor-element-1ce428c > .elementor-background-video-container::before, .elementor-793 .elementor-element.elementor-element-1ce428c > .e-con-inner > .elementor-background-video-container::before, .elementor-793 .elementor-element.elementor-element-1ce428c > .elementor-background-slideshow::before, .elementor-793 .elementor-element.elementor-element-1ce428c > .e-con-inner > .elementor-background-slideshow::before, .elementor-793 .elementor-element.elementor-element-1ce428c > .elementor-motion-effects-container > .elementor-motion-effects-layer::before{--background-overlay:'';}.elementor-793 .elementor-element.elementor-element-1ce428c:hover::before, .elementor-793 .elementor-element.elementor-element-1ce428c:hover > .elementor-background-video-container::before, .elementor-793 .elementor-element.elementor-element-1ce428c:hover > .e-con-inner > .elementor-background-video-container::before, .elementor-793 .elementor-element.elementor-element-1ce428c > .elementor-background-slideshow:hover::before, .elementor-793 .elementor-element.elementor-element-1ce428c > .e-con-inner > .elementor-background-slideshow:hover::before{--background-overlay:'';}.elementor-793 .elementor-element.elementor-element-1ce428c:hover{--overlay-opacity:0.5;}.elementor-793 .elementor-element.elementor-element-1ce428c, .elementor-793 .elementor-element.elementor-element-1ce428c::before{--overlay-transition:0.5s;}.elementor-793 .elementor-element.elementor-element-9200602{--display:flex;--min-height:0px;--margin-top:0px;--margin-bottom:0px;--margin-left:0px;--margin-right:0px;--padding-top:0px;--padding-bottom:0px;--padding-left:0px;--padding-right:0px;}.elementor-793 .elementor-element.elementor-element-9200602:not(.elementor-motion-effects-element-type-background), .elementor-793 .elementor-element.elementor-element-9200602 > .elementor-motion-effects-container > .elementor-motion-effects-layer{background-position:center center;background-size:cover;}.elementor-793 .elementor-element.elementor-element-2a11fe6{--display:flex;--justify-content:space-between;--margin-top:0px;--margin-bottom:0px;--margin-left:0px;--margin-right:0px;--padding-top:20px;--padding-bottom:20px;--padding-left:20px;--padding-right:20px;}.elementor-793 .elementor-element.elementor-element-a6b2681{--display:flex;--margin-top:0px;--margin-bottom:0px;--margin-left:0px;--margin-right:0px;--padding-top:0px;--padding-bottom:0px;--padding-left:0px;--padding-right:0px;}.elementor-793 .elementor-element.elementor-element-85263e0 .elementor-heading-title{font-size:24px;color:var( --e-global-color-secondary );}.elementor-793 .elementor-element.elementor-element-b20d43f .elementor-button{fill:var( --e-global-color-primary );color:var( --e-global-color-primary );background-color:var( --e-global-color-4207f23 );border-radius:0px 0px 0px 0px;}@media(max-width:767px){.elementor-793 .elementor-element.elementor-element-9200602{--min-height:50px;}.elementor-793 .elementor-element.elementor-element-b20d43f{width:100%;max-width:100%;}}\/* Start custom CSS for container, class: .elementor-element-1ce428c *\/.contenedor-hover{\n    max-height:100px;\n    overflow:hidden;\n    transition:max-height 0.35s ease;\n}\n\n.contenedor-hover:hover{\n    max-height:200px;\n}\n\n.contenedor-hover .texto-hover{\n    opacity:0;\n    display: none;\n    transform:translateY(15px);\n    transition:0.35s ease;\n}\n\n.contenedor-hover:hover .texto-hover{\n    opacity:1;\n    display: block;\n    transform:translateY(0);\n}\/* End custom CSS *\/<\/style>\t\t<div data-elementor-type=\"loop-item\" data-elementor-id=\"793\" class=\"elementor elementor-793 e-loop-item e-loop-item-136 post-136 post type-post status-publish format-standard has-post-thumbnail hentry category-sin-categoria\" data-elementor-post-type=\"elementor_library\" data-custom-edit-handle=\"1\">\n\t\t\t<div class=\"elementor-element elementor-element-1ce428c e-con-full contenedor-hover e-flex e-con e-child\" data-id=\"1ce428c\" data-element_type=\"container\" data-e-type=\"container\" data-settings=\"{&quot;background_background&quot;:&quot;classic&quot;}\">\n\t\t<div class=\"elementor-element elementor-element-9200602 e-con-full e-flex e-con e-child\" data-id=\"9200602\" data-element_type=\"container\" data-e-type=\"container\" data-settings=\"{&quot;background_background&quot;:&quot;classic&quot;}\">\n\t\t\t\t<\/div>\n\t\t<div class=\"elementor-element elementor-element-2a11fe6 e-con-full e-flex e-con e-child\" data-id=\"2a11fe6\" data-element_type=\"container\" data-e-type=\"container\">\n\t\t<div class=\"elementor-element elementor-element-a6b2681 e-con-full e-flex e-con e-child\" data-id=\"a6b2681\" data-element_type=\"container\" data-e-type=\"container\">\n\t\t\t\t<div class=\"elementor-element elementor-element-85263e0 elementor-widget elementor-widget-heading\" data-id=\"85263e0\" data-element_type=\"widget\" data-e-type=\"widget\" data-widget_type=\"heading.default\">\n\t\t\t\t<div class=\"elementor-widget-container\">\n\t\t\t\t\t<h2 class=\"elementor-heading-title elementor-size-default\">Reconocer y transformar patrones limitantes<\/h2>\t\t\t\t<\/div>\n\t\t\t\t<\/div>\n\t\t\t\t<div class=\"elementor-element elementor-element-d0e31a0 elementor-widget elementor-widget-text-editor\" data-id=\"d0e31a0\" data-element_type=\"widget\" data-e-type=\"widget\" data-widget_type=\"text-editor.default\">\n\t\t\t\t<div class=\"elementor-widget-container\">\n\t\t\t\t\t\t\t\t\t<p>Hoy queremos compartir herramientas pr\u00e1cticas para reconocer y transformar patrones limitantes que pueden surgir durante el proceso oncol\u00f3gico. En psicooncolog\u00eda,&#8230;\t\t\t\t\t\t\t\t<\/div>\n\t\t\t\t<\/div>\n\t\t\t\t<\/div>\n\t\t\t\t<div class=\"elementor-element elementor-element-b20d43f elementor-mobile-align-justify elementor-widget-mobile__width-inherit elementor-widget elementor-widget-button\" data-id=\"b20d43f\" data-element_type=\"widget\" data-e-type=\"widget\" data-widget_type=\"button.default\">\n\t\t\t\t<div class=\"elementor-widget-container\">\n\t\t\t\t\t\t\t\t\t<div class=\"elementor-button-wrapper\">\n\t\t\t\t\t<a class=\"elementor-button elementor-button-link elementor-size-sm\" href=\"https:\/\/rafagallardo.es\/index.php\/2024\/10\/02\/estrategias-para-cultivar-una-mentalidad-de-crecimiento\/\">\n\t\t\t\t\t\t<span class=\"elementor-button-content-wrapper\">\n\t\t\t\t\t\t\t\t\t<span class=\"elementor-button-text\">Ver proyecto<\/span>\n\t\t\t\t\t<\/span>\n\t\t\t\t\t<\/a>\n\t\t\t\t<\/div>\n\t\t\t\t\t\t\t\t<\/div>\n\t\t\t\t<\/div>\n\t\t\t\t<\/div>\n\t\t\t\t<\/div>\n\t\t\t\t<\/div>\n\t\t<style id=\"loop-dynamic-793\">.e-loop-item-135 .elementor-element.elementor-element-9200602:not(.elementor-motion-effects-element-type-background), .e-loop-item-135 .elementor-element.elementor-element-9200602 > .elementor-motion-effects-container > .elementor-motion-effects-layer{background-image:url(\"https:\/\/rafagallardo.es\/wp-content\/uploads\/2024\/10\/young-serious-office-managers-or-designers-of-vari-9BB4V6N.jpg\");}<\/style>\t\t<div data-elementor-type=\"loop-item\" data-elementor-id=\"793\" class=\"elementor elementor-793 e-loop-item e-loop-item-135 post-135 post type-post status-publish format-standard has-post-thumbnail hentry category-sin-categoria\" data-elementor-post-type=\"elementor_library\" data-custom-edit-handle=\"1\">\n\t\t\t<div class=\"elementor-element elementor-element-1ce428c e-con-full contenedor-hover e-flex e-con e-child\" data-id=\"1ce428c\" data-element_type=\"container\" data-e-type=\"container\" data-settings=\"{&quot;background_background&quot;:&quot;classic&quot;}\">\n\t\t<div class=\"elementor-element elementor-element-9200602 e-con-full e-flex e-con e-child\" data-id=\"9200602\" data-element_type=\"container\" data-e-type=\"container\" data-settings=\"{&quot;background_background&quot;:&quot;classic&quot;}\">\n\t\t\t\t<\/div>\n\t\t<div class=\"elementor-element elementor-element-2a11fe6 e-con-full e-flex e-con e-child\" data-id=\"2a11fe6\" data-element_type=\"container\" data-e-type=\"container\">\n\t\t<div class=\"elementor-element elementor-element-a6b2681 e-con-full e-flex e-con e-child\" data-id=\"a6b2681\" data-element_type=\"container\" data-e-type=\"container\">\n\t\t\t\t<div class=\"elementor-element elementor-element-85263e0 elementor-widget elementor-widget-heading\" data-id=\"85263e0\" data-element_type=\"widget\" data-e-type=\"widget\" data-widget_type=\"heading.default\">\n\t\t\t\t<div class=\"elementor-widget-container\">\n\t\t\t\t\t<h2 class=\"elementor-heading-title elementor-size-default\">Estrategias para cultivar una mentalidad de crecimiento<\/h2>\t\t\t\t<\/div>\n\t\t\t\t<\/div>\n\t\t\t\t<div class=\"elementor-element elementor-element-d0e31a0 elementor-widget elementor-widget-text-editor\" data-id=\"d0e31a0\" data-element_type=\"widget\" data-e-type=\"widget\" data-widget_type=\"text-editor.default\">\n\t\t\t\t<div class=\"elementor-widget-container\">\n\t\t\t\t\t\t\t\t\t<p>En esta edici\u00f3n, abordamos c\u00f3mo desarrollar una mentalidad de crecimiento puede transformar la experiencia en el proceso oncol\u00f3gico. En psicooncolog\u00eda,&#8230;\t\t\t\t\t\t\t\t<\/div>\n\t\t\t\t<\/div>\n\t\t\t\t<\/div>\n\t\t\t\t<div class=\"elementor-element elementor-element-b20d43f elementor-mobile-align-justify elementor-widget-mobile__width-inherit elementor-widget elementor-widget-button\" data-id=\"b20d43f\" data-element_type=\"widget\" data-e-type=\"widget\" data-widget_type=\"button.default\">\n\t\t\t\t<div class=\"elementor-widget-container\">\n\t\t\t\t\t\t\t\t\t<div class=\"elementor-button-wrapper\">\n\t\t\t\t\t<a class=\"elementor-button elementor-button-link elementor-size-sm\" href=\"https:\/\/rafagallardo.es\/index.php\/2024\/09\/18\/como-identificar-tus-patrones-limitantes-y-transformarlos\/\">\n\t\t\t\t\t\t<span class=\"elementor-button-content-wrapper\">\n\t\t\t\t\t\t\t\t\t<span class=\"elementor-button-text\">Ver proyecto<\/span>\n\t\t\t\t\t<\/span>\n\t\t\t\t\t<\/a>\n\t\t\t\t<\/div>\n\t\t\t\t\t\t\t\t<\/div>\n\t\t\t\t<\/div>\n\t\t\t\t<\/div>\n\t\t\t\t<\/div>\n\t\t\t\t<\/div>\n\t\t<style id=\"loop-dynamic-793\">.e-loop-item-137 .elementor-element.elementor-element-9200602:not(.elementor-motion-effects-element-type-background), .e-loop-item-137 .elementor-element.elementor-element-9200602 > .elementor-motion-effects-container > .elementor-motion-effects-layer{background-image:url(\"https:\/\/rafagallardo.es\/wp-content\/uploads\/2024\/10\/group-of-cheerful-young-intercultural-clapping-han-BX6NVSY.jpg\");}<\/style>\t\t<div data-elementor-type=\"loop-item\" data-elementor-id=\"793\" class=\"elementor elementor-793 e-loop-item e-loop-item-137 post-137 post type-post status-publish format-standard has-post-thumbnail hentry category-sin-categoria\" data-elementor-post-type=\"elementor_library\" data-custom-edit-handle=\"1\">\n\t\t\t<div class=\"elementor-element elementor-element-1ce428c e-con-full contenedor-hover e-flex e-con e-child\" data-id=\"1ce428c\" data-element_type=\"container\" data-e-type=\"container\" data-settings=\"{&quot;background_background&quot;:&quot;classic&quot;}\">\n\t\t<div class=\"elementor-element elementor-element-9200602 e-con-full e-flex e-con e-child\" data-id=\"9200602\" data-element_type=\"container\" data-e-type=\"container\" data-settings=\"{&quot;background_background&quot;:&quot;classic&quot;}\">\n\t\t\t\t<\/div>\n\t\t<div class=\"elementor-element elementor-element-2a11fe6 e-con-full e-flex e-con e-child\" data-id=\"2a11fe6\" data-element_type=\"container\" data-e-type=\"container\">\n\t\t<div class=\"elementor-element elementor-element-a6b2681 e-con-full e-flex e-con e-child\" data-id=\"a6b2681\" data-element_type=\"container\" data-e-type=\"container\">\n\t\t\t\t<div class=\"elementor-element elementor-element-85263e0 elementor-widget elementor-widget-heading\" data-id=\"85263e0\" data-element_type=\"widget\" data-e-type=\"widget\" data-widget_type=\"heading.default\">\n\t\t\t\t<div class=\"elementor-widget-container\">\n\t\t\t\t\t<h2 class=\"elementor-heading-title elementor-size-default\">Decisiones valientes: el arte de elegir el camino menos transitado<\/h2>\t\t\t\t<\/div>\n\t\t\t\t<\/div>\n\t\t\t\t<div class=\"elementor-element elementor-element-d0e31a0 elementor-widget elementor-widget-text-editor\" data-id=\"d0e31a0\" data-element_type=\"widget\" data-e-type=\"widget\" data-widget_type=\"text-editor.default\">\n\t\t\t\t<div class=\"elementor-widget-container\">\n\t\t\t\t\t\t\t\t\t<p>Enfrentarse al c\u00e1ncer no solo exige tratamientos m\u00e9dicos intensivos; tambi\u00e9n implica afrontar desaf\u00edos emocionales y psicol\u00f3gicos profundos. En la psicooncolog\u00eda,&#8230;\t\t\t\t\t\t\t\t<\/div>\n\t\t\t\t<\/div>\n\t\t\t\t<\/div>\n\t\t\t\t<div class=\"elementor-element elementor-element-b20d43f elementor-mobile-align-justify elementor-widget-mobile__width-inherit elementor-widget elementor-widget-button\" data-id=\"b20d43f\" data-element_type=\"widget\" data-e-type=\"widget\" data-widget_type=\"button.default\">\n\t\t\t\t<div class=\"elementor-widget-container\">\n\t\t\t\t\t\t\t\t\t<div class=\"elementor-button-wrapper\">\n\t\t\t\t\t<a class=\"elementor-button elementor-button-link elementor-size-sm\" href=\"https:\/\/rafagallardo.es\/index.php\/2024\/09\/03\/decisiones-valientes-el-arte-de-elegir-el-camino-menos-transitado\/\">\n\t\t\t\t\t\t<span class=\"elementor-button-content-wrapper\">\n\t\t\t\t\t\t\t\t\t<span class=\"elementor-button-text\">Ver proyecto<\/span>\n\t\t\t\t\t<\/span>\n\t\t\t\t\t<\/a>\n\t\t\t\t<\/div>\n\t\t\t\t\t\t\t\t<\/div>\n\t\t\t\t<\/div>\n\t\t\t\t<\/div>\n\t\t\t\t<\/div>\n\t\t\t\t<\/div>\n\t\t\t\t<\/div>\n\t\t\n\t\t\t\t\t\t<\/div>\n\t\t\t\t<\/div>\n\t\t\t\t\t<\/div>\n\t\t\t\t<\/div>\n\t\t\t\t<\/div>\n\t\t","protected":false},"excerpt":{"rendered":"<p>Conoce nuestros proyectos Contactar Servicios Te acompa\u00f1amos en cada fase del proceso inmobiliario, analizando el potencial de cada propiedad para maximizar su valor, su funcionalidad y su rentabilidad.<\/p>\n","protected":false},"author":1,"featured_media":0,"parent":0,"menu_order":0,"comment_status":"closed","ping_status":"closed","template":"elementor_header_footer","meta":{"_acf_changed":false,"footnotes":""},"class_list":["post-755","page","type-page","status-publish","hentry"],"acf":[],"yoast_head":"<!-- This site is optimized with the Yoast SEO plugin v26.4 - https:\/\/yoast.com\/wordpress\/plugins\/seo\/ -->\n<title>Proyectos - Rafa Gallado<\/title>\n<meta name=\"robots\" content=\"index, follow, max-snippet:-1, max-image-preview:large, max-video-preview:-1\" \/>\n<link rel=\"canonical\" href=\"https:\/\/rafagallardo.es\/index.php\/proyectos\/\" \/>\n<meta property=\"og:locale\" content=\"es_ES\" \/>\n<meta property=\"og:type\" content=\"article\" \/>\n<meta property=\"og:title\" content=\"Proyectos - Rafa Gallado\" \/>\n<meta property=\"og:description\" content=\"Conoce nuestros proyectos Contactar Servicios Te acompa\u00f1amos en cada fase del proceso inmobiliario, analizando el potencial de cada propiedad para maximizar su valor, su funcionalidad y su rentabilidad.\" \/>\n<meta property=\"og:url\" content=\"https:\/\/rafagallardo.es\/index.php\/proyectos\/\" \/>\n<meta property=\"og:site_name\" content=\"Rafa Gallado\" \/>\n<meta property=\"article:modified_time\" content=\"2026-03-12T08:41:40+00:00\" \/>\n<meta name=\"twitter:card\" content=\"summary_large_image\" \/>\n<meta name=\"twitter:label1\" content=\"Tiempo de lectura\" \/>\n\t<meta name=\"twitter:data1\" content=\"1 minuto\" \/>\n<script type=\"application\/ld+json\" class=\"yoast-schema-graph\">{\"@context\":\"https:\/\/schema.org\",\"@graph\":[{\"@type\":\"WebPage\",\"@id\":\"https:\/\/rafagallardo.es\/index.php\/proyectos\/\",\"url\":\"https:\/\/rafagallardo.es\/index.php\/proyectos\/\",\"name\":\"Proyectos - Rafa Gallado\",\"isPartOf\":{\"@id\":\"https:\/\/rafagallardo.es\/#website\"},\"datePublished\":\"2026-03-12T07:35:26+00:00\",\"dateModified\":\"2026-03-12T08:41:40+00:00\",\"breadcrumb\":{\"@id\":\"https:\/\/rafagallardo.es\/index.php\/proyectos\/#breadcrumb\"},\"inLanguage\":\"es\",\"potentialAction\":[{\"@type\":\"ReadAction\",\"target\":[\"https:\/\/rafagallardo.es\/index.php\/proyectos\/\"]}]},{\"@type\":\"BreadcrumbList\",\"@id\":\"https:\/\/rafagallardo.es\/index.php\/proyectos\/#breadcrumb\",\"itemListElement\":[{\"@type\":\"ListItem\",\"position\":1,\"name\":\"Portada\",\"item\":\"https:\/\/rafagallardo.es\/\"},{\"@type\":\"ListItem\",\"position\":2,\"name\":\"Proyectos\"}]},{\"@type\":\"WebSite\",\"@id\":\"https:\/\/rafagallardo.es\/#website\",\"url\":\"https:\/\/rafagallardo.es\/\",\"name\":\"Rafa Gallado\",\"description\":\"\",\"potentialAction\":[{\"@type\":\"SearchAction\",\"target\":{\"@type\":\"EntryPoint\",\"urlTemplate\":\"https:\/\/rafagallardo.es\/?s={search_term_string}\"},\"query-input\":{\"@type\":\"PropertyValueSpecification\",\"valueRequired\":true,\"valueName\":\"search_term_string\"}}],\"inLanguage\":\"es\"}]}<\/script>\n<!-- \/ Yoast SEO plugin. -->","yoast_head_json":{"title":"Proyectos - Rafa Gallado","robots":{"index":"index","follow":"follow","max-snippet":"max-snippet:-1","max-image-preview":"max-image-preview:large","max-video-preview":"max-video-preview:-1"},"canonical":"https:\/\/rafagallardo.es\/index.php\/proyectos\/","og_locale":"es_ES","og_type":"article","og_title":"Proyectos - Rafa Gallado","og_description":"Conoce nuestros proyectos Contactar Servicios Te acompa\u00f1amos en cada fase del proceso inmobiliario, analizando el potencial de cada propiedad para maximizar su valor, su funcionalidad y su rentabilidad.","og_url":"https:\/\/rafagallardo.es\/index.php\/proyectos\/","og_site_name":"Rafa Gallado","article_modified_time":"2026-03-12T08:41:40+00:00","twitter_card":"summary_large_image","twitter_misc":{"Tiempo de lectura":"1 minuto"},"schema":{"@context":"https:\/\/schema.org","@graph":[{"@type":"WebPage","@id":"https:\/\/rafagallardo.es\/index.php\/proyectos\/","url":"https:\/\/rafagallardo.es\/index.php\/proyectos\/","name":"Proyectos - Rafa Gallado","isPartOf":{"@id":"https:\/\/rafagallardo.es\/#website"},"datePublished":"2026-03-12T07:35:26+00:00","dateModified":"2026-03-12T08:41:40+00:00","breadcrumb":{"@id":"https:\/\/rafagallardo.es\/index.php\/proyectos\/#breadcrumb"},"inLanguage":"es","potentialAction":[{"@type":"ReadAction","target":["https:\/\/rafagallardo.es\/index.php\/proyectos\/"]}]},{"@type":"BreadcrumbList","@id":"https:\/\/rafagallardo.es\/index.php\/proyectos\/#breadcrumb","itemListElement":[{"@type":"ListItem","position":1,"name":"Portada","item":"https:\/\/rafagallardo.es\/"},{"@type":"ListItem","position":2,"name":"Proyectos"}]},{"@type":"WebSite","@id":"https:\/\/rafagallardo.es\/#website","url":"https:\/\/rafagallardo.es\/","name":"Rafa Gallado","description":"","potentialAction":[{"@type":"SearchAction","target":{"@type":"EntryPoint","urlTemplate":"https:\/\/rafagallardo.es\/?s={search_term_string}"},"query-input":{"@type":"PropertyValueSpecification","valueRequired":true,"valueName":"search_term_string"}}],"inLanguage":"es"}]}},"_links":{"self":[{"href":"https:\/\/rafagallardo.es\/index.php\/wp-json\/wp\/v2\/pages\/755","targetHints":{"allow":["GET"]}}],"collection":[{"href":"https:\/\/rafagallardo.es\/index.php\/wp-json\/wp\/v2\/pages"}],"about":[{"href":"https:\/\/rafagallardo.es\/index.php\/wp-json\/wp\/v2\/types\/page"}],"author":[{"embeddable":true,"href":"https:\/\/rafagallardo.es\/index.php\/wp-json\/wp\/v2\/users\/1"}],"replies":[{"embeddable":true,"href":"https:\/\/rafagallardo.es\/index.php\/wp-json\/wp\/v2\/comments?post=755"}],"version-history":[{"count":25,"href":"https:\/\/rafagallardo.es\/index.php\/wp-json\/wp\/v2\/pages\/755\/revisions"}],"predecessor-version":[{"id":912,"href":"https:\/\/rafagallardo.es\/index.php\/wp-json\/wp\/v2\/pages\/755\/revisions\/912"}],"wp:attachment":[{"href":"https:\/\/rafagallardo.es\/index.php\/wp-json\/wp\/v2\/media?parent=755"}],"curies":[{"name":"wp","href":"https:\/\/api.w.org\/{rel}","templated":true}]}}