{"id":753,"date":"2026-03-12T08:35:15","date_gmt":"2026-03-12T07:35:15","guid":{"rendered":"https:\/\/rafagallardo.es\/?page_id=753"},"modified":"2026-03-12T09:43:34","modified_gmt":"2026-03-12T08:43:34","slug":"contenido-tecnico","status":"publish","type":"page","link":"https:\/\/rafagallardo.es\/index.php\/contenido-tecnico\/","title":{"rendered":"Contenido t\u00e9cnico"},"content":{"rendered":"\t\t<div data-elementor-type=\"wp-page\" data-elementor-id=\"753\" class=\"elementor elementor-753\" data-elementor-post-type=\"page\">\n\t\t\t\t<div class=\"elementor-element elementor-element-fe84e88 e-flex e-con-boxed e-con e-parent\" data-id=\"fe84e88\" data-element_type=\"container\" data-e-type=\"container\" data-settings=\"{&quot;background_background&quot;:&quot;classic&quot;}\">\n\t\t\t\t\t<div class=\"e-con-inner\">\n\t\t<div class=\"elementor-element elementor-element-2b22958 e-con-full e-flex e-con e-child\" data-id=\"2b22958\" data-element_type=\"container\" data-e-type=\"container\">\n\t\t\t\t<div class=\"elementor-element elementor-element-ce6de0c elementor-invisible elementor-widget elementor-widget-heading\" data-id=\"ce6de0c\" data-element_type=\"widget\" data-e-type=\"widget\" data-settings=\"{&quot;_animation&quot;:&quot;fadeIn&quot;}\" data-widget_type=\"heading.default\">\n\t\t\t\t<div class=\"elementor-widget-container\">\n\t\t\t\t\t<h2 class=\"elementor-heading-title elementor-size-default\">Contenido t\u00e9cnico<\/h2>\t\t\t\t<\/div>\n\t\t\t\t<\/div>\n\t\t<div class=\"elementor-element elementor-element-7f6a31c e-con-full e-flex elementor-invisible e-con e-child\" data-id=\"7f6a31c\" data-element_type=\"container\" data-e-type=\"container\" data-settings=\"{&quot;animation&quot;:&quot;fadeIn&quot;}\">\n\t\t\t\t<div class=\"elementor-element elementor-element-89eea84 elementor-mobile-align-justify elementor-widget-mobile__width-initial elementor-widget elementor-widget-button\" data-id=\"89eea84\" data-element_type=\"widget\" data-e-type=\"widget\" data-widget_type=\"button.default\">\n\t\t\t\t<div class=\"elementor-widget-container\">\n\t\t\t\t\t\t\t\t\t<div class=\"elementor-button-wrapper\">\n\t\t\t\t\t<a class=\"elementor-button elementor-button-link elementor-size-sm\" href=\"#\">\n\t\t\t\t\t\t<span class=\"elementor-button-content-wrapper\">\n\t\t\t\t\t\t\t\t\t<span class=\"elementor-button-text\">Contactar<\/span>\n\t\t\t\t\t<\/span>\n\t\t\t\t\t<\/a>\n\t\t\t\t<\/div>\n\t\t\t\t\t\t\t\t<\/div>\n\t\t\t\t<\/div>\n\t\t\t\t<div class=\"elementor-element elementor-element-6f0b6d4 elementor-mobile-align-justify elementor-widget-mobile__width-initial elementor-widget elementor-widget-button\" data-id=\"6f0b6d4\" data-element_type=\"widget\" data-e-type=\"widget\" data-widget_type=\"button.default\">\n\t\t\t\t<div class=\"elementor-widget-container\">\n\t\t\t\t\t\t\t\t\t<div class=\"elementor-button-wrapper\">\n\t\t\t\t\t<a class=\"elementor-button elementor-button-link elementor-size-sm\" href=\"#\">\n\t\t\t\t\t\t<span class=\"elementor-button-content-wrapper\">\n\t\t\t\t\t\t\t\t\t<span class=\"elementor-button-text\">Servicios<\/span>\n\t\t\t\t\t<\/span>\n\t\t\t\t\t<\/a>\n\t\t\t\t<\/div>\n\t\t\t\t\t\t\t\t<\/div>\n\t\t\t\t<\/div>\n\t\t\t\t<\/div>\n\t\t\t\t<\/div>\n\t\t\t\t\t<\/div>\n\t\t\t\t<\/div>\n\t\t<div class=\"elementor-element elementor-element-dde2dc3 e-flex e-con-boxed e-con e-parent\" data-id=\"dde2dc3\" data-element_type=\"container\" data-e-type=\"container\">\n\t\t\t\t\t<div class=\"e-con-inner\">\n\t\t<div class=\"elementor-element elementor-element-887411c e-con-full e-flex elementor-invisible e-con e-child\" data-id=\"887411c\" data-element_type=\"container\" data-e-type=\"container\" data-settings=\"{&quot;animation&quot;:&quot;fadeIn&quot;}\">\n\t\t<div class=\"elementor-element elementor-element-b3db9e2 e-con-full e-flex e-con e-child\" data-id=\"b3db9e2\" data-element_type=\"container\" data-e-type=\"container\">\n\t\t\t\t<div class=\"elementor-element elementor-element-4c98e9b elementor-widget elementor-widget-text-editor\" data-id=\"4c98e9b\" data-element_type=\"widget\" data-e-type=\"widget\" data-widget_type=\"text-editor.default\">\n\t\t\t\t<div class=\"elementor-widget-container\">\n\t\t\t\t\t\t\t\t\t<p>Ofrecemos an\u00e1lisis t\u00e9cnico, asesoramiento especializado y direcci\u00f3n de proyectos para optimizar cada decisi\u00f3n en procesos de compra, reforma e inversi\u00f3n inmobiliaria.<\/p>\t\t\t\t\t\t\t\t<\/div>\n\t\t\t\t<\/div>\n\t\t\t\t<\/div>\n\t\t\t\t<\/div>\n\t\t\t\t<div class=\"elementor-element elementor-element-e948961 elementor-grid-3 elementor-grid-tablet-2 elementor-grid-mobile-1 elementor-widget elementor-widget-loop-grid\" data-id=\"e948961\" data-element_type=\"widget\" data-e-type=\"widget\" data-settings=\"{&quot;template_id&quot;:919,&quot;columns&quot;:3,&quot;_skin&quot;:&quot;post&quot;,&quot;columns_tablet&quot;:&quot;2&quot;,&quot;columns_mobile&quot;:&quot;1&quot;,&quot;edit_handle_selector&quot;:&quot;[data-elementor-type=\\&quot;loop-item\\&quot;]&quot;,&quot;row_gap&quot;:{&quot;unit&quot;:&quot;px&quot;,&quot;size&quot;:&quot;&quot;,&quot;sizes&quot;:[]},&quot;row_gap_tablet&quot;:{&quot;unit&quot;:&quot;px&quot;,&quot;size&quot;:&quot;&quot;,&quot;sizes&quot;:[]},&quot;row_gap_mobile&quot;:{&quot;unit&quot;:&quot;px&quot;,&quot;size&quot;:&quot;&quot;,&quot;sizes&quot;:[]}}\" data-widget_type=\"loop-grid.post\">\n\t\t\t\t<div class=\"elementor-widget-container\">\n\t\t\t\t\t\t\t<div class=\"elementor-loop-container elementor-grid\" role=\"list\">\n\t\t<style id=\"loop-dynamic-919\">.e-loop-item-136 .elementor-element.elementor-element-5b86daa:not(.elementor-motion-effects-element-type-background), .e-loop-item-136 .elementor-element.elementor-element-5b86daa > .elementor-motion-effects-container > .elementor-motion-effects-layer{background-image:url(\"https:\/\/rafagallardo.es\/wp-content\/uploads\/2024\/10\/group-of-multiracial-people-working-with-laptop-in-BGG285V.jpg\");}<\/style><style id=\"loop-919\">.elementor-919 .elementor-element.elementor-element-4fada02{--display:flex;--min-height:500px;--flex-direction:column;--container-widget-width:100%;--container-widget-height:initial;--container-widget-flex-grow:0;--container-widget-align-self:initial;--flex-wrap-mobile:wrap;--justify-content:space-between;--gap:0px 0px;--row-gap:0px;--column-gap:0px;--overlay-opacity:0.5;border-style:solid;--border-style:solid;border-width:1px 1px 1px 1px;--border-top-width:1px;--border-right-width:1px;--border-bottom-width:1px;--border-left-width:1px;border-color:var( --e-global-color-primary );--border-color:var( --e-global-color-primary );--border-radius:10px 10px 10px 10px;--margin-top:0px;--margin-bottom:0px;--margin-left:0px;--margin-right:0px;--padding-top:0px;--padding-bottom:0px;--padding-left:0px;--padding-right:0px;}.elementor-919 .elementor-element.elementor-element-4fada02::before, .elementor-919 .elementor-element.elementor-element-4fada02 > .elementor-background-video-container::before, .elementor-919 .elementor-element.elementor-element-4fada02 > .e-con-inner > .elementor-background-video-container::before, .elementor-919 .elementor-element.elementor-element-4fada02 > .elementor-background-slideshow::before, .elementor-919 .elementor-element.elementor-element-4fada02 > .e-con-inner > .elementor-background-slideshow::before, .elementor-919 .elementor-element.elementor-element-4fada02 > .elementor-motion-effects-container > .elementor-motion-effects-layer::before{--background-overlay:'';}.elementor-919 .elementor-element.elementor-element-4fada02:hover::before, .elementor-919 .elementor-element.elementor-element-4fada02:hover > .elementor-background-video-container::before, .elementor-919 .elementor-element.elementor-element-4fada02:hover > .e-con-inner > .elementor-background-video-container::before, .elementor-919 .elementor-element.elementor-element-4fada02 > .elementor-background-slideshow:hover::before, .elementor-919 .elementor-element.elementor-element-4fada02 > .e-con-inner > .elementor-background-slideshow:hover::before{--background-overlay:'';}.elementor-919 .elementor-element.elementor-element-4fada02:hover{--overlay-opacity:0.5;}.elementor-919 .elementor-element.elementor-element-4fada02, .elementor-919 .elementor-element.elementor-element-4fada02::before{--overlay-transition:0.5s;}.elementor-919 .elementor-element.elementor-element-5b86daa{--display:flex;--min-height:200px;--margin-top:0px;--margin-bottom:0px;--margin-left:0px;--margin-right:0px;--padding-top:0px;--padding-bottom:0px;--padding-left:0px;--padding-right:0px;}.elementor-919 .elementor-element.elementor-element-5b86daa:not(.elementor-motion-effects-element-type-background), .elementor-919 .elementor-element.elementor-element-5b86daa > .elementor-motion-effects-container > .elementor-motion-effects-layer{background-position:center center;background-size:cover;}.elementor-919 .elementor-element.elementor-element-0a0fae1{--display:flex;--justify-content:space-between;--margin-top:0px;--margin-bottom:0px;--margin-left:0px;--margin-right:0px;--padding-top:20px;--padding-bottom:20px;--padding-left:20px;--padding-right:20px;}.elementor-919 .elementor-element.elementor-element-63a3b06{--display:flex;--margin-top:0px;--margin-bottom:0px;--margin-left:0px;--margin-right:0px;--padding-top:0px;--padding-bottom:0px;--padding-left:0px;--padding-right:0px;}.elementor-919 .elementor-element.elementor-element-02549d2 .elementor-heading-title{font-size:24px;color:var( --e-global-color-secondary );}.elementor-919 .elementor-element.elementor-element-061ecaa .elementor-button{fill:var( --e-global-color-primary );color:var( --e-global-color-primary );background-color:var( --e-global-color-4207f23 );border-radius:0px 0px 0px 0px;}@media(max-width:767px){.elementor-919 .elementor-element.elementor-element-5b86daa{--min-height:50px;}.elementor-919 .elementor-element.elementor-element-061ecaa{width:100%;max-width:100%;}}\/* Start custom CSS for container, class: .elementor-element-4fada02 *\/.contenedor-hover{\n    max-height:100px;\n    overflow:hidden;\n    transition:max-height 0.35s ease;\n}\n\n.contenedor-hover:hover{\n    max-height:200px;\n}\n\n.contenedor-hover .texto-hover{\n    opacity:0;\n    display: none;\n    transform:translateY(15px);\n    transition:0.35s ease;\n}\n\n.contenedor-hover:hover .texto-hover{\n    opacity:1;\n    display: block;\n    transform:translateY(0);\n}\/* End custom CSS *\/<\/style>\t\t<div data-elementor-type=\"loop-item\" data-elementor-id=\"919\" class=\"elementor elementor-919 e-loop-item e-loop-item-136 post-136 post type-post status-publish format-standard has-post-thumbnail hentry category-sin-categoria\" data-elementor-post-type=\"elementor_library\" data-custom-edit-handle=\"1\">\n\t\t\t<div class=\"elementor-element elementor-element-4fada02 e-con-full contenedor-hover e-flex e-con e-child\" data-id=\"4fada02\" data-element_type=\"container\" data-e-type=\"container\" data-settings=\"{&quot;background_background&quot;:&quot;classic&quot;}\">\n\t\t<div class=\"elementor-element elementor-element-5b86daa e-con-full e-flex e-con e-child\" data-id=\"5b86daa\" data-element_type=\"container\" data-e-type=\"container\" data-settings=\"{&quot;background_background&quot;:&quot;classic&quot;}\">\n\t\t\t\t<\/div>\n\t\t<div class=\"elementor-element elementor-element-0a0fae1 e-con-full e-flex e-con e-child\" data-id=\"0a0fae1\" data-element_type=\"container\" data-e-type=\"container\">\n\t\t<div class=\"elementor-element elementor-element-63a3b06 e-con-full e-flex e-con e-child\" data-id=\"63a3b06\" data-element_type=\"container\" data-e-type=\"container\">\n\t\t\t\t<div class=\"elementor-element elementor-element-02549d2 elementor-widget elementor-widget-heading\" data-id=\"02549d2\" data-element_type=\"widget\" data-e-type=\"widget\" data-widget_type=\"heading.default\">\n\t\t\t\t<div class=\"elementor-widget-container\">\n\t\t\t\t\t<h2 class=\"elementor-heading-title elementor-size-default\">Reconocer y transformar patrones limitantes<\/h2>\t\t\t\t<\/div>\n\t\t\t\t<\/div>\n\t\t\t\t<div class=\"elementor-element elementor-element-a01e1c0 elementor-widget elementor-widget-text-editor\" data-id=\"a01e1c0\" data-element_type=\"widget\" data-e-type=\"widget\" data-widget_type=\"text-editor.default\">\n\t\t\t\t<div class=\"elementor-widget-container\">\n\t\t\t\t\t\t\t\t\t<p>Hoy queremos compartir herramientas pr\u00e1cticas para reconocer y transformar patrones limitantes que pueden surgir durante el proceso oncol\u00f3gico. En psicooncolog\u00eda,&#8230;\t\t\t\t\t\t\t\t<\/div>\n\t\t\t\t<\/div>\n\t\t\t\t<\/div>\n\t\t\t\t<div class=\"elementor-element elementor-element-061ecaa elementor-mobile-align-justify elementor-widget-mobile__width-inherit elementor-widget elementor-widget-button\" data-id=\"061ecaa\" data-element_type=\"widget\" data-e-type=\"widget\" data-widget_type=\"button.default\">\n\t\t\t\t<div class=\"elementor-widget-container\">\n\t\t\t\t\t\t\t\t\t<div class=\"elementor-button-wrapper\">\n\t\t\t\t\t<a class=\"elementor-button elementor-button-link elementor-size-sm\" href=\"https:\/\/rafagallardo.es\/index.php\/2024\/10\/02\/estrategias-para-cultivar-una-mentalidad-de-crecimiento\/\">\n\t\t\t\t\t\t<span class=\"elementor-button-content-wrapper\">\n\t\t\t\t\t\t\t\t\t<span class=\"elementor-button-text\">Ver contenido completo<\/span>\n\t\t\t\t\t<\/span>\n\t\t\t\t\t<\/a>\n\t\t\t\t<\/div>\n\t\t\t\t\t\t\t\t<\/div>\n\t\t\t\t<\/div>\n\t\t\t\t<\/div>\n\t\t\t\t<\/div>\n\t\t\t\t<\/div>\n\t\t<style id=\"loop-dynamic-919\">.e-loop-item-135 .elementor-element.elementor-element-5b86daa:not(.elementor-motion-effects-element-type-background), .e-loop-item-135 .elementor-element.elementor-element-5b86daa > .elementor-motion-effects-container > .elementor-motion-effects-layer{background-image:url(\"https:\/\/rafagallardo.es\/wp-content\/uploads\/2024\/10\/young-serious-office-managers-or-designers-of-vari-9BB4V6N.jpg\");}<\/style>\t\t<div data-elementor-type=\"loop-item\" data-elementor-id=\"919\" class=\"elementor elementor-919 e-loop-item e-loop-item-135 post-135 post type-post status-publish format-standard has-post-thumbnail hentry category-sin-categoria\" data-elementor-post-type=\"elementor_library\" data-custom-edit-handle=\"1\">\n\t\t\t<div class=\"elementor-element elementor-element-4fada02 e-con-full contenedor-hover e-flex e-con e-child\" data-id=\"4fada02\" data-element_type=\"container\" data-e-type=\"container\" data-settings=\"{&quot;background_background&quot;:&quot;classic&quot;}\">\n\t\t<div class=\"elementor-element elementor-element-5b86daa e-con-full e-flex e-con e-child\" data-id=\"5b86daa\" data-element_type=\"container\" data-e-type=\"container\" data-settings=\"{&quot;background_background&quot;:&quot;classic&quot;}\">\n\t\t\t\t<\/div>\n\t\t<div class=\"elementor-element elementor-element-0a0fae1 e-con-full e-flex e-con e-child\" data-id=\"0a0fae1\" data-element_type=\"container\" data-e-type=\"container\">\n\t\t<div class=\"elementor-element elementor-element-63a3b06 e-con-full e-flex e-con e-child\" data-id=\"63a3b06\" data-element_type=\"container\" data-e-type=\"container\">\n\t\t\t\t<div class=\"elementor-element elementor-element-02549d2 elementor-widget elementor-widget-heading\" data-id=\"02549d2\" data-element_type=\"widget\" data-e-type=\"widget\" data-widget_type=\"heading.default\">\n\t\t\t\t<div class=\"elementor-widget-container\">\n\t\t\t\t\t<h2 class=\"elementor-heading-title elementor-size-default\">Estrategias para cultivar una mentalidad de crecimiento<\/h2>\t\t\t\t<\/div>\n\t\t\t\t<\/div>\n\t\t\t\t<div class=\"elementor-element elementor-element-a01e1c0 elementor-widget elementor-widget-text-editor\" data-id=\"a01e1c0\" data-element_type=\"widget\" data-e-type=\"widget\" data-widget_type=\"text-editor.default\">\n\t\t\t\t<div class=\"elementor-widget-container\">\n\t\t\t\t\t\t\t\t\t<p>En esta edici\u00f3n, abordamos c\u00f3mo desarrollar una mentalidad de crecimiento puede transformar la experiencia en el proceso oncol\u00f3gico. En psicooncolog\u00eda,&#8230;\t\t\t\t\t\t\t\t<\/div>\n\t\t\t\t<\/div>\n\t\t\t\t<\/div>\n\t\t\t\t<div class=\"elementor-element elementor-element-061ecaa elementor-mobile-align-justify elementor-widget-mobile__width-inherit elementor-widget elementor-widget-button\" data-id=\"061ecaa\" data-element_type=\"widget\" data-e-type=\"widget\" data-widget_type=\"button.default\">\n\t\t\t\t<div class=\"elementor-widget-container\">\n\t\t\t\t\t\t\t\t\t<div class=\"elementor-button-wrapper\">\n\t\t\t\t\t<a class=\"elementor-button elementor-button-link elementor-size-sm\" href=\"https:\/\/rafagallardo.es\/index.php\/2024\/09\/18\/como-identificar-tus-patrones-limitantes-y-transformarlos\/\">\n\t\t\t\t\t\t<span class=\"elementor-button-content-wrapper\">\n\t\t\t\t\t\t\t\t\t<span class=\"elementor-button-text\">Ver contenido completo<\/span>\n\t\t\t\t\t<\/span>\n\t\t\t\t\t<\/a>\n\t\t\t\t<\/div>\n\t\t\t\t\t\t\t\t<\/div>\n\t\t\t\t<\/div>\n\t\t\t\t<\/div>\n\t\t\t\t<\/div>\n\t\t\t\t<\/div>\n\t\t<style id=\"loop-dynamic-919\">.e-loop-item-137 .elementor-element.elementor-element-5b86daa:not(.elementor-motion-effects-element-type-background), .e-loop-item-137 .elementor-element.elementor-element-5b86daa > .elementor-motion-effects-container > .elementor-motion-effects-layer{background-image:url(\"https:\/\/rafagallardo.es\/wp-content\/uploads\/2024\/10\/group-of-cheerful-young-intercultural-clapping-han-BX6NVSY.jpg\");}<\/style>\t\t<div data-elementor-type=\"loop-item\" data-elementor-id=\"919\" class=\"elementor elementor-919 e-loop-item e-loop-item-137 post-137 post type-post status-publish format-standard has-post-thumbnail hentry category-sin-categoria\" data-elementor-post-type=\"elementor_library\" data-custom-edit-handle=\"1\">\n\t\t\t<div class=\"elementor-element elementor-element-4fada02 e-con-full contenedor-hover e-flex e-con e-child\" data-id=\"4fada02\" data-element_type=\"container\" data-e-type=\"container\" data-settings=\"{&quot;background_background&quot;:&quot;classic&quot;}\">\n\t\t<div class=\"elementor-element elementor-element-5b86daa e-con-full e-flex e-con e-child\" data-id=\"5b86daa\" data-element_type=\"container\" data-e-type=\"container\" data-settings=\"{&quot;background_background&quot;:&quot;classic&quot;}\">\n\t\t\t\t<\/div>\n\t\t<div class=\"elementor-element elementor-element-0a0fae1 e-con-full e-flex e-con e-child\" data-id=\"0a0fae1\" data-element_type=\"container\" data-e-type=\"container\">\n\t\t<div class=\"elementor-element elementor-element-63a3b06 e-con-full e-flex e-con e-child\" data-id=\"63a3b06\" data-element_type=\"container\" data-e-type=\"container\">\n\t\t\t\t<div class=\"elementor-element elementor-element-02549d2 elementor-widget elementor-widget-heading\" data-id=\"02549d2\" data-element_type=\"widget\" data-e-type=\"widget\" data-widget_type=\"heading.default\">\n\t\t\t\t<div class=\"elementor-widget-container\">\n\t\t\t\t\t<h2 class=\"elementor-heading-title elementor-size-default\">Decisiones valientes: el arte de elegir el camino menos transitado<\/h2>\t\t\t\t<\/div>\n\t\t\t\t<\/div>\n\t\t\t\t<div class=\"elementor-element elementor-element-a01e1c0 elementor-widget elementor-widget-text-editor\" data-id=\"a01e1c0\" data-element_type=\"widget\" data-e-type=\"widget\" data-widget_type=\"text-editor.default\">\n\t\t\t\t<div class=\"elementor-widget-container\">\n\t\t\t\t\t\t\t\t\t<p>Enfrentarse al c\u00e1ncer no solo exige tratamientos m\u00e9dicos intensivos; tambi\u00e9n implica afrontar desaf\u00edos emocionales y psicol\u00f3gicos profundos. En la psicooncolog\u00eda,&#8230;\t\t\t\t\t\t\t\t<\/div>\n\t\t\t\t<\/div>\n\t\t\t\t<\/div>\n\t\t\t\t<div class=\"elementor-element elementor-element-061ecaa elementor-mobile-align-justify elementor-widget-mobile__width-inherit elementor-widget elementor-widget-button\" data-id=\"061ecaa\" data-element_type=\"widget\" data-e-type=\"widget\" data-widget_type=\"button.default\">\n\t\t\t\t<div class=\"elementor-widget-container\">\n\t\t\t\t\t\t\t\t\t<div class=\"elementor-button-wrapper\">\n\t\t\t\t\t<a class=\"elementor-button elementor-button-link elementor-size-sm\" href=\"https:\/\/rafagallardo.es\/index.php\/2024\/09\/03\/decisiones-valientes-el-arte-de-elegir-el-camino-menos-transitado\/\">\n\t\t\t\t\t\t<span class=\"elementor-button-content-wrapper\">\n\t\t\t\t\t\t\t\t\t<span class=\"elementor-button-text\">Ver contenido completo<\/span>\n\t\t\t\t\t<\/span>\n\t\t\t\t\t<\/a>\n\t\t\t\t<\/div>\n\t\t\t\t\t\t\t\t<\/div>\n\t\t\t\t<\/div>\n\t\t\t\t<\/div>\n\t\t\t\t<\/div>\n\t\t\t\t<\/div>\n\t\t\t\t<\/div>\n\t\t\n\t\t\t\t\t\t<\/div>\n\t\t\t\t<\/div>\n\t\t\t\t\t<\/div>\n\t\t\t\t<\/div>\n\t\t\t\t<\/div>\n\t\t","protected":false},"excerpt":{"rendered":"<p>Contenido t\u00e9cnico Contactar Servicios Ofrecemos an\u00e1lisis t\u00e9cnico, asesoramiento especializado y direcci\u00f3n de proyectos para optimizar cada decisi\u00f3n en procesos de compra, reforma e inversi\u00f3n inmobiliaria.<\/p>\n","protected":false},"author":1,"featured_media":0,"parent":0,"menu_order":0,"comment_status":"closed","ping_status":"closed","template":"elementor_header_footer","meta":{"_acf_changed":false,"footnotes":""},"class_list":["post-753","page","type-page","status-publish","hentry"],"acf":[],"yoast_head":"<!-- This site is optimized with the Yoast SEO plugin v26.4 - https:\/\/yoast.com\/wordpress\/plugins\/seo\/ -->\n<title>Contenido t\u00e9cnico - Rafa Gallado<\/title>\n<meta name=\"robots\" content=\"index, follow, max-snippet:-1, max-image-preview:large, max-video-preview:-1\" \/>\n<link rel=\"canonical\" href=\"https:\/\/rafagallardo.es\/index.php\/contenido-tecnico\/\" \/>\n<meta property=\"og:locale\" content=\"es_ES\" \/>\n<meta property=\"og:type\" content=\"article\" \/>\n<meta property=\"og:title\" content=\"Contenido t\u00e9cnico - Rafa Gallado\" \/>\n<meta property=\"og:description\" content=\"Contenido t\u00e9cnico Contactar Servicios Ofrecemos an\u00e1lisis t\u00e9cnico, asesoramiento especializado y direcci\u00f3n de proyectos para optimizar cada decisi\u00f3n en procesos de compra, reforma e inversi\u00f3n inmobiliaria.\" \/>\n<meta property=\"og:url\" content=\"https:\/\/rafagallardo.es\/index.php\/contenido-tecnico\/\" \/>\n<meta property=\"og:site_name\" content=\"Rafa Gallado\" \/>\n<meta property=\"article:modified_time\" content=\"2026-03-12T08:43:34+00:00\" \/>\n<meta name=\"twitter:card\" content=\"summary_large_image\" \/>\n<meta name=\"twitter:label1\" content=\"Tiempo de lectura\" \/>\n\t<meta name=\"twitter:data1\" content=\"2 minutos\" \/>\n<script type=\"application\/ld+json\" class=\"yoast-schema-graph\">{\"@context\":\"https:\/\/schema.org\",\"@graph\":[{\"@type\":\"WebPage\",\"@id\":\"https:\/\/rafagallardo.es\/index.php\/contenido-tecnico\/\",\"url\":\"https:\/\/rafagallardo.es\/index.php\/contenido-tecnico\/\",\"name\":\"Contenido t\u00e9cnico - Rafa Gallado\",\"isPartOf\":{\"@id\":\"https:\/\/rafagallardo.es\/#website\"},\"datePublished\":\"2026-03-12T07:35:15+00:00\",\"dateModified\":\"2026-03-12T08:43:34+00:00\",\"breadcrumb\":{\"@id\":\"https:\/\/rafagallardo.es\/index.php\/contenido-tecnico\/#breadcrumb\"},\"inLanguage\":\"es\",\"potentialAction\":[{\"@type\":\"ReadAction\",\"target\":[\"https:\/\/rafagallardo.es\/index.php\/contenido-tecnico\/\"]}]},{\"@type\":\"BreadcrumbList\",\"@id\":\"https:\/\/rafagallardo.es\/index.php\/contenido-tecnico\/#breadcrumb\",\"itemListElement\":[{\"@type\":\"ListItem\",\"position\":1,\"name\":\"Portada\",\"item\":\"https:\/\/rafagallardo.es\/\"},{\"@type\":\"ListItem\",\"position\":2,\"name\":\"Contenido t\u00e9cnico\"}]},{\"@type\":\"WebSite\",\"@id\":\"https:\/\/rafagallardo.es\/#website\",\"url\":\"https:\/\/rafagallardo.es\/\",\"name\":\"Rafa Gallado\",\"description\":\"\",\"potentialAction\":[{\"@type\":\"SearchAction\",\"target\":{\"@type\":\"EntryPoint\",\"urlTemplate\":\"https:\/\/rafagallardo.es\/?s={search_term_string}\"},\"query-input\":{\"@type\":\"PropertyValueSpecification\",\"valueRequired\":true,\"valueName\":\"search_term_string\"}}],\"inLanguage\":\"es\"}]}<\/script>\n<!-- \/ Yoast SEO plugin. -->","yoast_head_json":{"title":"Contenido t\u00e9cnico - Rafa Gallado","robots":{"index":"index","follow":"follow","max-snippet":"max-snippet:-1","max-image-preview":"max-image-preview:large","max-video-preview":"max-video-preview:-1"},"canonical":"https:\/\/rafagallardo.es\/index.php\/contenido-tecnico\/","og_locale":"es_ES","og_type":"article","og_title":"Contenido t\u00e9cnico - Rafa Gallado","og_description":"Contenido t\u00e9cnico Contactar Servicios Ofrecemos an\u00e1lisis t\u00e9cnico, asesoramiento especializado y direcci\u00f3n de proyectos para optimizar cada decisi\u00f3n en procesos de compra, reforma e inversi\u00f3n inmobiliaria.","og_url":"https:\/\/rafagallardo.es\/index.php\/contenido-tecnico\/","og_site_name":"Rafa Gallado","article_modified_time":"2026-03-12T08:43:34+00:00","twitter_card":"summary_large_image","twitter_misc":{"Tiempo de lectura":"2 minutos"},"schema":{"@context":"https:\/\/schema.org","@graph":[{"@type":"WebPage","@id":"https:\/\/rafagallardo.es\/index.php\/contenido-tecnico\/","url":"https:\/\/rafagallardo.es\/index.php\/contenido-tecnico\/","name":"Contenido t\u00e9cnico - Rafa Gallado","isPartOf":{"@id":"https:\/\/rafagallardo.es\/#website"},"datePublished":"2026-03-12T07:35:15+00:00","dateModified":"2026-03-12T08:43:34+00:00","breadcrumb":{"@id":"https:\/\/rafagallardo.es\/index.php\/contenido-tecnico\/#breadcrumb"},"inLanguage":"es","potentialAction":[{"@type":"ReadAction","target":["https:\/\/rafagallardo.es\/index.php\/contenido-tecnico\/"]}]},{"@type":"BreadcrumbList","@id":"https:\/\/rafagallardo.es\/index.php\/contenido-tecnico\/#breadcrumb","itemListElement":[{"@type":"ListItem","position":1,"name":"Portada","item":"https:\/\/rafagallardo.es\/"},{"@type":"ListItem","position":2,"name":"Contenido t\u00e9cnico"}]},{"@type":"WebSite","@id":"https:\/\/rafagallardo.es\/#website","url":"https:\/\/rafagallardo.es\/","name":"Rafa Gallado","description":"","potentialAction":[{"@type":"SearchAction","target":{"@type":"EntryPoint","urlTemplate":"https:\/\/rafagallardo.es\/?s={search_term_string}"},"query-input":{"@type":"PropertyValueSpecification","valueRequired":true,"valueName":"search_term_string"}}],"inLanguage":"es"}]}},"_links":{"self":[{"href":"https:\/\/rafagallardo.es\/index.php\/wp-json\/wp\/v2\/pages\/753","targetHints":{"allow":["GET"]}}],"collection":[{"href":"https:\/\/rafagallardo.es\/index.php\/wp-json\/wp\/v2\/pages"}],"about":[{"href":"https:\/\/rafagallardo.es\/index.php\/wp-json\/wp\/v2\/types\/page"}],"author":[{"embeddable":true,"href":"https:\/\/rafagallardo.es\/index.php\/wp-json\/wp\/v2\/users\/1"}],"replies":[{"embeddable":true,"href":"https:\/\/rafagallardo.es\/index.php\/wp-json\/wp\/v2\/comments?post=753"}],"version-history":[{"count":7,"href":"https:\/\/rafagallardo.es\/index.php\/wp-json\/wp\/v2\/pages\/753\/revisions"}],"predecessor-version":[{"id":923,"href":"https:\/\/rafagallardo.es\/index.php\/wp-json\/wp\/v2\/pages\/753\/revisions\/923"}],"wp:attachment":[{"href":"https:\/\/rafagallardo.es\/index.php\/wp-json\/wp\/v2\/media?parent=753"}],"curies":[{"name":"wp","href":"https:\/\/api.w.org\/{rel}","templated":true}]}}